{"id":17184,"date":"2022-01-18T12:54:41","date_gmt":"2022-01-18T11:54:41","guid":{"rendered":"https:\/\/www.euskadibasquecountrygrandtour.eus\/politique-des-cookies"},"modified":"2025-06-12T15:12:00","modified_gmt":"2025-06-12T13:12:00","slug":"politique-des-cookies","status":"publish","type":"page","link":"https:\/\/www.euskadibasquecountrygrandtour.eus\/fr\/politique-des-cookies","title":{"rendered":"Politique des cookies"},"content":{"rendered":"\t\t<div data-elementor-type=\"wp-page\" data-elementor-id=\"17184\" class=\"elementor elementor-17184 elementor-19\" data-elementor-post-type=\"page\">\n\t\t\t\t<div class=\"elementor-element elementor-element-d7fec9d e-flex e-con-boxed e-con e-parent\" data-id=\"d7fec9d\" data-element_type=\"container\" data-core-v316-plus=\"true\">\n\t\t\t\t\t<div class=\"e-con-inner\">\n\t\t\t\t<div class=\"elementor-element elementor-element-18302ea elementor-widget elementor-widget-text-editor\" data-id=\"18302ea\" data-element_type=\"widget\" data-widget_type=\"text-editor.default\">\n\t\t\t\t<div class=\"elementor-widget-container\">\n\t\t\t<style>\/*! elementor - v3.20.0 - 26-03-2024 *\/\n.elementor-widget-text-editor.elementor-drop-cap-view-stacked .elementor-drop-cap{background-color:#69727d;color:#fff}.elementor-widget-text-editor.elementor-drop-cap-view-framed .elementor-drop-cap{color:#69727d;border:3px solid;background-color:transparent}.elementor-widget-text-editor:not(.elementor-drop-cap-view-default) .elementor-drop-cap{margin-top:8px}.elementor-widget-text-editor:not(.elementor-drop-cap-view-default) .elementor-drop-cap-letter{width:1em;height:1em}.elementor-widget-text-editor .elementor-drop-cap{float:left;text-align:center;line-height:1;font-size:50px}.elementor-widget-text-editor .elementor-drop-cap-letter{display:inline-block}<\/style>\t\t\t\t<p>Conform\u00e9ment \u00e0 la loi 34\/2002 du 11 juillet, les services de la soci\u00e9t\u00e9 d&rsquo;information et de commerce \u00e9lectronique utilisent des cookies pour am\u00e9liorer et optimiser ce site Web. l&rsquo;exp\u00e9rience de l&rsquo;utilisateur. Ensuite, vous trouverez des informations d\u00e9taill\u00e9es sur les \u00ab Cookies \u00bb, le type d&rsquo;utilisation de ce site Web, ainsi que la configuration de vos cookies, et ce qui se produit si vous d\u00e9sactivez les Cookies.<\/p>\n\t\t\t\t\t\t<\/div>\n\t\t\t\t<\/div>\n\t\t\t\t<div class=\"elementor-element elementor-element-88cb40c elementor-widget elementor-widget-heading\" data-id=\"88cb40c\" data-element_type=\"widget\" data-widget_type=\"heading.default\">\n\t\t\t\t<div class=\"elementor-widget-container\">\n\t\t\t<style>\/*! elementor - v3.20.0 - 26-03-2024 *\/\n.elementor-heading-title{padding:0;margin:0;line-height:1}.elementor-widget-heading .elementor-heading-title[class*=elementor-size-]>a{color:inherit;font-size:inherit;line-height:inherit}.elementor-widget-heading .elementor-heading-title.elementor-size-small{font-size:15px}.elementor-widget-heading .elementor-heading-title.elementor-size-medium{font-size:19px}.elementor-widget-heading .elementor-heading-title.elementor-size-large{font-size:29px}.elementor-widget-heading .elementor-heading-title.elementor-size-xl{font-size:39px}.elementor-widget-heading .elementor-heading-title.elementor-size-xxl{font-size:59px}<\/style><h2 class=\"elementor-heading-title elementor-size-default\">Qu'est-ce que c'est que les cookies?<\/h2>\t\t<\/div>\n\t\t\t\t<\/div>\n\t\t\t\t<div class=\"elementor-element elementor-element-02c48ce elementor-widget elementor-widget-text-editor\" data-id=\"02c48ce\" data-element_type=\"widget\" data-widget_type=\"text-editor.default\">\n\t\t\t\t<div class=\"elementor-widget-container\">\n\t\t\t\t\t\t\t<p>Un cookie est un petit fichier qui est t\u00e9l\u00e9charg\u00e9 sur l&rsquo;\u00e9quipement de l&rsquo;utilisateur lors de la finalit\u00e9 de stockage des donn\u00e9es, qui peuvent \u00eatre actualis\u00e9s et r\u00e9cup\u00e9r\u00e9s par l&rsquo;entit\u00e9 responsable de votre installation.<\/p>\n\t\t\t\t\t\t<\/div>\n\t\t\t\t<\/div>\n\t\t\t\t<div class=\"elementor-element elementor-element-dd798b4 elementor-widget elementor-widget-heading\" data-id=\"dd798b4\" data-element_type=\"widget\" data-widget_type=\"heading.default\">\n\t\t\t\t<div class=\"elementor-widget-container\">\n\t\t\t<h2 class=\"elementor-heading-title elementor-size-default\">Quel est le type de cookies utilis\u00e9s sur cette page Web? <\/h2>\t\t<\/div>\n\t\t\t\t<\/div>\n\t\t\t\t<div class=\"elementor-element elementor-element-889ec10 elementor-widget elementor-widget-html\" data-id=\"889ec10\" data-element_type=\"widget\" data-widget_type=\"html.default\">\n\t\t\t\t<div class=\"elementor-widget-container\">\n\t\t\t<script id=\"CookieDeclaration\" src=\"https:\/\/consent.cookiebot.com\/f7be7651-f2ce-4de7-930d-564f5b12284c\/cd.js\" type=\"text\/javascript\" async><\/script>\t\t<\/div>\n\t\t\t\t<\/div>\n\t\t\t\t<div class=\"elementor-element elementor-element-529f5b2 elementor-widget elementor-widget-heading\" data-id=\"529f5b2\" data-element_type=\"widget\" data-widget_type=\"heading.default\">\n\t\t\t\t<div class=\"elementor-widget-container\">\n\t\t\t<h2 class=\"elementor-heading-title elementor-size-default\">Comment puis-je configurer vos cookies? <\/h2>\t\t<\/div>\n\t\t\t\t<\/div>\n\t\t\t\t<div class=\"elementor-element elementor-element-5d9b690 elementor-widget elementor-widget-text-editor\" data-id=\"5d9b690\" data-element_type=\"widget\" data-widget_type=\"text-editor.default\">\n\t\t\t\t<div class=\"elementor-widget-container\">\n\t\t\t\t\t\t\t<p>En naviguant et en continuant sur notre site Web, vous respecterez l&rsquo;utilisation des cookies dans les conditions contenues dans la pr\u00e9sente politique de cookies. Vous \u00eates un utilisateur qui a la possibilit\u00e9 d&rsquo;exercer son droit de bloquer, d&rsquo;\u00e9liminer et de refuser l&rsquo;utilisation des cookies, et \u00e0 tout moment, de modifier les options de votre navigateur.<\/p>\n<p><strong>Par exemple:<\/strong><\/p>\n<ul>\n<li><strong>Internet Explorer<\/strong>: <em>Outils &gt; Options Internet &gt; Confidentialit\u00e9  &gt; Configuration<\/em>. Pour plus d&rsquo;informations, vous pouvez consulter le support Microsoft ou l&rsquo;aide du navigateur.<\/li>\n<li><strong>Mozilla Firefox<\/strong>: <em>Outils &gt; Options &gt; Confidentialit\u00e9 &gt; Historique &gt; Configuration Personnalis\u00e9e<\/em>. Pour plus d&rsquo;informations, vous pouvez consulter le support de Mozilla ou l&rsquo;aide du navigateur.<\/li>\n<li><strong>Google Chrome<\/strong>: <em>Configuration &gt; Afficher les options avanc\u00e9es &gt; Confidentialit\u00e9 -&gt; Configuration du contenu<\/em>. Pour plus d&rsquo;informations, vous pouvez consulter le support de Google ou l&rsquo;aide du navigateur.<\/li>\n<li><strong>Safari<\/strong>: <em>Pr\u00e9f\u00e9rences &gt; S\u00e9curit\u00e9<\/em>. Pour plus d\u2019informations, vous pouvez consulter le support Apple ou l\u2019aide du navigateur.<\/li>\n<li><strong>Opera<\/strong>: <em>Configuration &gt; Options &gt; Avanc\u00e9 &gt; Cookies<\/em> <\/li>\n<\/ul>\n\t\t\t\t\t\t<\/div>\n\t\t\t\t<\/div>\n\t\t\t\t<div class=\"elementor-element elementor-element-ec180e9 elementor-widget elementor-widget-heading\" data-id=\"ec180e9\" data-element_type=\"widget\" data-widget_type=\"heading.default\">\n\t\t\t\t<div class=\"elementor-widget-container\">\n\t\t\t<h2 class=\"elementor-heading-title elementor-size-default\">Que se passe-t-il si vous d\u00e9sactivez les cookies ?<\/h2>\t\t<\/div>\n\t\t\t\t<\/div>\n\t\t\t\t<div class=\"elementor-element elementor-element-fe95ea3 elementor-widget elementor-widget-text-editor\" data-id=\"fe95ea3\" data-element_type=\"widget\" data-widget_type=\"text-editor.default\">\n\t\t\t\t<div class=\"elementor-widget-container\">\n\t\t\t\t\t\t\t<p>Certaines fonctionnalit\u00e9s des services ou des zones de ce site Web ne peuvent pas fonctionner correctement.<\/p>\n\t\t\t\t\t\t<\/div>\n\t\t\t\t<\/div>\n\t\t\t\t<div class=\"elementor-element elementor-element-c591c18 elementor-widget elementor-widget-heading\" data-id=\"c591c18\" data-element_type=\"widget\" data-widget_type=\"heading.default\">\n\t\t\t\t<div class=\"elementor-widget-container\">\n\t\t\t<h2 class=\"elementor-heading-title elementor-size-default\">Nous sommes \u00e0 jour sur notre politique en mati\u00e8re de cookies?<\/h2>\t\t<\/div>\n\t\t\t\t<\/div>\n\t\t\t\t<div class=\"elementor-element elementor-element-52d820a elementor-widget elementor-widget-text-editor\" data-id=\"52d820a\" data-element_type=\"widget\" data-widget_type=\"text-editor.default\">\n\t\t\t\t<div class=\"elementor-widget-container\">\n\t\t\t\t\t\t\t<p>Il est possible que nous actualisions la politique des cookies sur notre page Web, c&rsquo;est pourquoi nous vous recommandons de r\u00e9viser cette politique chaque fois que vous acc\u00e9dez \u00e0 notre site Web avec l&rsquo;objectif d&rsquo;\u00eatre correctement inform\u00e9 sur la fa\u00e7on dont nous utilisons les cookies.<\/p>\t\t\t\t\t\t<\/div>\n\t\t\t\t<\/div>\n\t\t\t\t\t<\/div>\n\t\t\t\t<\/div>\n\t\t\t\t<\/div>\n\t\t","protected":false},"excerpt":{"rendered":"<p>Conform\u00e9ment \u00e0 la loi 34\/2002 du 11 juillet, les services de la soci\u00e9t\u00e9 d&rsquo;information et de commerce \u00e9lectronique utilisent des cookies pour am\u00e9liorer et optimiser ce site Web. l&rsquo;exp\u00e9rience de l&rsquo;utilisateur. Ensuite, vous trouverez des informations d\u00e9taill\u00e9es sur les \u00ab Cookies \u00bb, le type d&rsquo;utilisation de ce site Web, ainsi que la configuration de vos [&hellip;]<\/p>\n","protected":false},"author":13,"featured_media":9919,"parent":0,"menu_order":0,"comment_status":"closed","ping_status":"closed","template":"","meta":{"_acf_changed":false,"footnotes":""},"categories":[],"folder":[128],"acf":[],"_links":{"self":[{"href":"https:\/\/www.euskadibasquecountrygrandtour.eus\/fr\/wp-json\/wp\/v2\/pages\/17184"}],"collection":[{"href":"https:\/\/www.euskadibasquecountrygrandtour.eus\/fr\/wp-json\/wp\/v2\/pages"}],"about":[{"href":"https:\/\/www.euskadibasquecountrygrandtour.eus\/fr\/wp-json\/wp\/v2\/types\/page"}],"author":[{"embeddable":true,"href":"https:\/\/www.euskadibasquecountrygrandtour.eus\/fr\/wp-json\/wp\/v2\/users\/13"}],"replies":[{"embeddable":true,"href":"https:\/\/www.euskadibasquecountrygrandtour.eus\/fr\/wp-json\/wp\/v2\/comments?post=17184"}],"version-history":[{"count":1,"href":"https:\/\/www.euskadibasquecountrygrandtour.eus\/fr\/wp-json\/wp\/v2\/pages\/17184\/revisions"}],"predecessor-version":[{"id":21597,"href":"https:\/\/www.euskadibasquecountrygrandtour.eus\/fr\/wp-json\/wp\/v2\/pages\/17184\/revisions\/21597"}],"wp:featuredmedia":[{"embeddable":true,"href":"https:\/\/www.euskadibasquecountrygrandtour.eus\/fr\/wp-json\/wp\/v2\/media\/9919"}],"wp:attachment":[{"href":"https:\/\/www.euskadibasquecountrygrandtour.eus\/fr\/wp-json\/wp\/v2\/media?parent=17184"}],"wp:term":[{"taxonomy":"category","embeddable":true,"href":"https:\/\/www.euskadibasquecountrygrandtour.eus\/fr\/wp-json\/wp\/v2\/categories?post=17184"},{"taxonomy":"folder","embeddable":true,"href":"https:\/\/www.euskadibasquecountrygrandtour.eus\/fr\/wp-json\/wp\/v2\/folder?post=17184"}],"curies":[{"name":"wp","href":"https:\/\/api.w.org\/{rel}","templated":true}]}}