{"id":17050,"date":"2023-12-14T17:06:31","date_gmt":"2023-12-14T16:06:31","guid":{"rendered":"https:\/\/www.euskadibasquecountrygrandtour.eus\/preparez-votre-voyage\/destination-lgbtq"},"modified":"2025-06-10T09:49:07","modified_gmt":"2025-06-10T07:49:07","slug":"destination-lgbtq","status":"publish","type":"page","link":"https:\/\/www.euskadibasquecountrygrandtour.eus\/fr\/preparez-votre-voyage\/lgtbiq-destination","title":{"rendered":"Destination LGTBIQ+"},"content":{"rendered":"\t\t<div data-elementor-type=\"wp-page\" data-elementor-id=\"17050\" class=\"elementor elementor-17050 elementor-4519\" data-elementor-post-type=\"page\">\n\t\t\t\t<div class=\"elementor-element elementor-element-1c1a852 e-flex e-con-boxed e-con e-parent\" data-id=\"1c1a852\" data-element_type=\"container\" data-core-v316-plus=\"true\">\n\t\t\t\t\t<div class=\"e-con-inner\">\n\t\t\t\t<div class=\"elementor-element elementor-element-85bcf17 elementor-widget elementor-widget-text-editor\" data-id=\"85bcf17\" data-element_type=\"widget\" data-widget_type=\"text-editor.default\">\n\t\t\t\t<div class=\"elementor-widget-container\">\n\t\t\t<style>\/*! elementor - v3.20.0 - 26-03-2024 *\/\n.elementor-widget-text-editor.elementor-drop-cap-view-stacked .elementor-drop-cap{background-color:#69727d;color:#fff}.elementor-widget-text-editor.elementor-drop-cap-view-framed .elementor-drop-cap{color:#69727d;border:3px solid;background-color:transparent}.elementor-widget-text-editor:not(.elementor-drop-cap-view-default) .elementor-drop-cap{margin-top:8px}.elementor-widget-text-editor:not(.elementor-drop-cap-view-default) .elementor-drop-cap-letter{width:1em;height:1em}.elementor-widget-text-editor .elementor-drop-cap{float:left;text-align:center;line-height:1;font-size:50px}.elementor-widget-text-editor .elementor-drop-cap-letter{display:inline-block}<\/style>\t\t\t\t<p><span style=\"font-weight: 400;\">Faites partie de notre histoire: soyez vous-m\u00eame. D\u00e9couvrez des paysages uniques, un climat pour tous les go\u00fbts, des conditions enviables pour une visite compl\u00e8te de la r\u00e9gion, un caract\u00e8re accueillant&#8230; Et une longue histoire d&rsquo;acceptation, de lutte et de compr\u00e9hension de la diversit\u00e9 qui existe dans le monde. \u00abOngi etorri\u00bb (bienvenu en basque)!<\/span><\/p>\n\t\t\t\t\t\t<\/div>\n\t\t\t\t<\/div>\n\t\t\t\t<div class=\"elementor-element elementor-element-2f6cef6 elementor-widget elementor-widget-button\" data-id=\"2f6cef6\" data-element_type=\"widget\" data-widget_type=\"button.default\">\n\t\t\t\t<div class=\"elementor-widget-container\">\n\t\t\t\t\t<div class=\"elementor-button-wrapper\">\n\t\t\t<a class=\"elementor-button elementor-button-link elementor-size-sm\" href=\"https:\/\/tourisme.euskadi.eus\/fr\/euskadi-lgtbiq\/\" target=\"_blank\" rel=\"nofollow noopener\">\n\t\t\t\t\t\t<span class=\"elementor-button-content-wrapper\">\n\t\t\t\t\t\t<span class=\"elementor-button-text\">Je souhaite en savoir plus<\/span>\n\t\t<\/span>\n\t\t\t\t\t<\/a>\n\t\t<\/div>\n\t\t\t\t<\/div>\n\t\t\t\t<\/div>\n\t\t\t\t\t<\/div>\n\t\t\t\t<\/div>\n\t\t\t\t<\/div>\n\t\t","protected":false},"excerpt":{"rendered":"<p>Faites partie de notre histoire: soyez vous-m\u00eame.<\/p>\n<p>D\u00e9couvrez des paysages uniques, un climat pour tous les go\u00fbts, des conditions enviables pour une visite compl\u00e8te de la r\u00e9gion, un caract\u00e8re accueillant&#8230; Et une longue histoire d&rsquo;acceptation, de lutte et de compr\u00e9hension de la diversit\u00e9 qui existe dans le monde.<\/p>\n","protected":false},"author":13,"featured_media":17913,"parent":17038,"menu_order":0,"comment_status":"closed","ping_status":"closed","template":"","meta":{"_acf_changed":false,"footnotes":""},"categories":[351],"folder":[126],"acf":[],"_links":{"self":[{"href":"https:\/\/www.euskadibasquecountrygrandtour.eus\/fr\/wp-json\/wp\/v2\/pages\/17050"}],"collection":[{"href":"https:\/\/www.euskadibasquecountrygrandtour.eus\/fr\/wp-json\/wp\/v2\/pages"}],"about":[{"href":"https:\/\/www.euskadibasquecountrygrandtour.eus\/fr\/wp-json\/wp\/v2\/types\/page"}],"author":[{"embeddable":true,"href":"https:\/\/www.euskadibasquecountrygrandtour.eus\/fr\/wp-json\/wp\/v2\/users\/13"}],"replies":[{"embeddable":true,"href":"https:\/\/www.euskadibasquecountrygrandtour.eus\/fr\/wp-json\/wp\/v2\/comments?post=17050"}],"version-history":[{"count":6,"href":"https:\/\/www.euskadibasquecountrygrandtour.eus\/fr\/wp-json\/wp\/v2\/pages\/17050\/revisions"}],"predecessor-version":[{"id":21574,"href":"https:\/\/www.euskadibasquecountrygrandtour.eus\/fr\/wp-json\/wp\/v2\/pages\/17050\/revisions\/21574"}],"up":[{"embeddable":true,"href":"https:\/\/www.euskadibasquecountrygrandtour.eus\/fr\/wp-json\/wp\/v2\/pages\/17038"}],"wp:featuredmedia":[{"embeddable":true,"href":"https:\/\/www.euskadibasquecountrygrandtour.eus\/fr\/wp-json\/wp\/v2\/media\/17913"}],"wp:attachment":[{"href":"https:\/\/www.euskadibasquecountrygrandtour.eus\/fr\/wp-json\/wp\/v2\/media?parent=17050"}],"wp:term":[{"taxonomy":"category","embeddable":true,"href":"https:\/\/www.euskadibasquecountrygrandtour.eus\/fr\/wp-json\/wp\/v2\/categories?post=17050"},{"taxonomy":"folder","embeddable":true,"href":"https:\/\/www.euskadibasquecountrygrandtour.eus\/fr\/wp-json\/wp\/v2\/folder?post=17050"}],"curies":[{"name":"wp","href":"https:\/\/api.w.org\/{rel}","templated":true}]}}