{"id":17044,"date":"2023-12-14T17:05:04","date_gmt":"2023-12-14T16:05:04","guid":{"rendered":"https:\/\/www.euskadibasquecountrygrandtour.eus\/preparez-votre-voyage\/le-temps-au-pays-basque"},"modified":"2024-01-30T15:25:06","modified_gmt":"2024-01-30T14:25:06","slug":"le-temps-au-pays-basque","status":"publish","type":"page","link":"https:\/\/www.euskadibasquecountrygrandtour.eus\/fr\/preparez-votre-voyage\/le-temps-au-pays-basque","title":{"rendered":"Le temps au Pays basque"},"content":{"rendered":"\t\t<div data-elementor-type=\"wp-page\" data-elementor-id=\"17044\" class=\"elementor elementor-17044 elementor-5127\" data-elementor-post-type=\"page\">\n\t\t\t\t<div class=\"elementor-element elementor-element-13fcf9b e-flex e-con-boxed e-con e-parent\" data-id=\"13fcf9b\" data-element_type=\"container\" data-core-v316-plus=\"true\">\n\t\t\t\t\t<div class=\"e-con-inner\">\n\t\t\t\t<div class=\"elementor-element elementor-element-dc547d9 elementor-widget elementor-widget-text-editor\" data-id=\"dc547d9\" data-element_type=\"widget\" data-widget_type=\"text-editor.default\">\n\t\t\t\t<div class=\"elementor-widget-container\">\n\t\t\t<style>\/*! elementor - v3.20.0 - 26-03-2024 *\/\n.elementor-widget-text-editor.elementor-drop-cap-view-stacked .elementor-drop-cap{background-color:#69727d;color:#fff}.elementor-widget-text-editor.elementor-drop-cap-view-framed .elementor-drop-cap{color:#69727d;border:3px solid;background-color:transparent}.elementor-widget-text-editor:not(.elementor-drop-cap-view-default) .elementor-drop-cap{margin-top:8px}.elementor-widget-text-editor:not(.elementor-drop-cap-view-default) .elementor-drop-cap-letter{width:1em;height:1em}.elementor-widget-text-editor .elementor-drop-cap{float:left;text-align:center;line-height:1;font-size:50px}.elementor-widget-text-editor .elementor-drop-cap-letter{display:inline-block}<\/style>\t\t\t\t<p><span style=\"font-weight: 400;\">D\u00e9couvrez le Pays basque par tous les temps. Les hivers sont doux, avec des temp\u00e9ratures id\u00e9ales pour profiter de la culture et de la gastronomie locales dans une atmosph\u00e8re chaleureuse. Les hivers sont doux, avec des temp\u00e9ratures id\u00e9ales pour profiter de la culture et de la gastronomie locales dans une atmosph\u00e8re chaleureuse. Les \u00e9t\u00e9s, avec une moyenne agr\u00e9able de 25 \u00b0C, sont parfaits pour d\u00e9couvrir nos plages, nos montagnes et nos festivals.<\/span><\/p>\n<p><span style=\"font-weight: 400;\">D&rsquo;octobre \u00e0 avril, il peut pleuvoir, mais chaque goutte r\u00e9v\u00e8le une nuance plus verte et plus vive de notre terre. Les mois d&rsquo;\u00e9t\u00e9, notamment juillet et ao\u00fbt, offrent des journ\u00e9es plus ensoleill\u00e9es et plus s\u00e8ches, parfaites pour les aventures en plein air. Mais ne vous inqui\u00e9tez pas pour les jours de pluie : le Pays basque se transforme en un cadre charmant, avec des activit\u00e9s allant de la d\u00e9couverte des mus\u00e9es au refuge dans une cidrerie traditionnelle, en profitant de ce qu&rsquo;il y a de mieux dans notre culture.<\/span><\/p>\n<p><span style=\"font-weight: 400;\">Rendez-nous visite et laissez-vous surprendre par la magie du Pays basque, o\u00f9 chaque jour, qu&rsquo;il pleuve ou que le soleil brille, est plein de possibilit\u00e9s et de merveilles \u00e0 d\u00e9couvrir. <\/span><\/p>\n\t\t\t\t\t\t<\/div>\n\t\t\t\t<\/div>\n\t\t\t\t<div class=\"elementor-element elementor-element-fb4f866 elementor-widget elementor-widget-button\" data-id=\"fb4f866\" data-element_type=\"widget\" data-widget_type=\"button.default\">\n\t\t\t\t<div class=\"elementor-widget-container\">\n\t\t\t\t\t<div class=\"elementor-button-wrapper\">\n\t\t\t<a class=\"elementor-button elementor-button-link elementor-size-sm\" href=\"https:\/\/www.euskalmet.euskadi.eus\/inicio\/\" target=\"_blank\" rel=\"nofollow noopener\">\n\t\t\t\t\t\t<span class=\"elementor-button-content-wrapper\">\n\t\t\t\t\t\t<span class=\"elementor-button-text\">Je souhaite en savoir plus<\/span>\n\t\t<\/span>\n\t\t\t\t\t<\/a>\n\t\t<\/div>\n\t\t\t\t<\/div>\n\t\t\t\t<\/div>\n\t\t\t\t\t<\/div>\n\t\t\t\t<\/div>\n\t\t\t\t<\/div>\n\t\t","protected":false},"excerpt":{"rendered":"<p>D\u00e9couvrez le Pays basque par tous les temps.<\/p>\n<p>Avec un climat oc\u00e9anique qui vous invite \u00e0 vivre des exp\u00e9riences uniques \u00e0 chaque saison, le Pays basque est la destination parfaite toute l&rsquo;ann\u00e9e. <\/p>\n","protected":false},"author":13,"featured_media":8069,"parent":17038,"menu_order":0,"comment_status":"closed","ping_status":"closed","template":"","meta":{"_acf_changed":false,"footnotes":""},"categories":[351],"folder":[126],"acf":[],"_links":{"self":[{"href":"https:\/\/www.euskadibasquecountrygrandtour.eus\/fr\/wp-json\/wp\/v2\/pages\/17044"}],"collection":[{"href":"https:\/\/www.euskadibasquecountrygrandtour.eus\/fr\/wp-json\/wp\/v2\/pages"}],"about":[{"href":"https:\/\/www.euskadibasquecountrygrandtour.eus\/fr\/wp-json\/wp\/v2\/types\/page"}],"author":[{"embeddable":true,"href":"https:\/\/www.euskadibasquecountrygrandtour.eus\/fr\/wp-json\/wp\/v2\/users\/13"}],"replies":[{"embeddable":true,"href":"https:\/\/www.euskadibasquecountrygrandtour.eus\/fr\/wp-json\/wp\/v2\/comments?post=17044"}],"version-history":[{"count":0,"href":"https:\/\/www.euskadibasquecountrygrandtour.eus\/fr\/wp-json\/wp\/v2\/pages\/17044\/revisions"}],"up":[{"embeddable":true,"href":"https:\/\/www.euskadibasquecountrygrandtour.eus\/fr\/wp-json\/wp\/v2\/pages\/17038"}],"wp:featuredmedia":[{"embeddable":true,"href":"https:\/\/www.euskadibasquecountrygrandtour.eus\/fr\/wp-json\/wp\/v2\/media\/8069"}],"wp:attachment":[{"href":"https:\/\/www.euskadibasquecountrygrandtour.eus\/fr\/wp-json\/wp\/v2\/media?parent=17044"}],"wp:term":[{"taxonomy":"category","embeddable":true,"href":"https:\/\/www.euskadibasquecountrygrandtour.eus\/fr\/wp-json\/wp\/v2\/categories?post=17044"},{"taxonomy":"folder","embeddable":true,"href":"https:\/\/www.euskadibasquecountrygrandtour.eus\/fr\/wp-json\/wp\/v2\/folder?post=17044"}],"curies":[{"name":"wp","href":"https:\/\/api.w.org\/{rel}","templated":true}]}}