{"id":19346,"date":"2023-12-14T17:05:31","date_gmt":"2023-12-14T16:05:31","guid":{"rendered":"https:\/\/www.euskadibasquecountrygrandtour.eus\/bereiten-sie-ihre-reise-vor\/fremdenverkehrsburos"},"modified":"2024-03-11T11:45:31","modified_gmt":"2024-03-11T10:45:31","slug":"fremdenverkehrsburos","status":"publish","type":"page","link":"https:\/\/www.euskadibasquecountrygrandtour.eus\/de\/bereiten-sie-ihre-reise-vor\/fremdenverkehrsburos","title":{"rendered":"Fremdenverkehrsb\u00fcros"},"content":{"rendered":"\t\t<div data-elementor-type=\"wp-page\" data-elementor-id=\"19346\" class=\"elementor elementor-19346 elementor-5129\" data-elementor-post-type=\"page\">\n\t\t\t\t<div class=\"elementor-element elementor-element-d0ef95d e-flex e-con-boxed e-con e-parent\" data-id=\"d0ef95d\" data-element_type=\"container\" data-core-v316-plus=\"true\">\n\t\t\t\t\t<div class=\"e-con-inner\">\n\t\t\t\t<div class=\"elementor-element elementor-element-753b882 elementor-widget elementor-widget-text-editor\" data-id=\"753b882\" data-element_type=\"widget\" data-widget_type=\"text-editor.default\">\n\t\t\t\t<div class=\"elementor-widget-container\">\n\t\t\t<style>\/*! elementor - v3.20.0 - 26-03-2024 *\/\n.elementor-widget-text-editor.elementor-drop-cap-view-stacked .elementor-drop-cap{background-color:#69727d;color:#fff}.elementor-widget-text-editor.elementor-drop-cap-view-framed .elementor-drop-cap{color:#69727d;border:3px solid;background-color:transparent}.elementor-widget-text-editor:not(.elementor-drop-cap-view-default) .elementor-drop-cap{margin-top:8px}.elementor-widget-text-editor:not(.elementor-drop-cap-view-default) .elementor-drop-cap-letter{width:1em;height:1em}.elementor-widget-text-editor .elementor-drop-cap{float:left;text-align:center;line-height:1;font-size:50px}.elementor-widget-text-editor .elementor-drop-cap-letter{display:inline-block}<\/style>\t\t\t\t<p><span style=\"font-weight: 400;\">Wenn Sie im Baskenland ankommen, laden wir Sie ein, unser Netz von Fremdenverkehrsb\u00fcros zu besuchen. Dort k\u00f6nnen Sie detaillierte und ma\u00dfgeschneiderte Informationen bekommen, die Ihre Erfahrungen bereichern. Entdecken Sie die besten Pl\u00e4ne, Aktivit\u00e4ten, Feste und gastronomischen Perlen, die nur Einheimische kennen. <\/span><\/p>\n<p><span style=\"font-weight: 400;\">Unsere Experten geben Ihnen wertvolle Tipps und helfen Ihnen bei der Planung Ihres Besuchs, damit Sie Ihre Zeit optimal nutzen k\u00f6nnen. Besuchen Sie uns und machen Sie den ersten Schritt zu einem unvergesslichen Abenteuer im Baskenland.<\/span><\/p>\n\t\t\t\t\t\t<\/div>\n\t\t\t\t<\/div>\n\t\t\t\t<div class=\"elementor-element elementor-element-24fdc70 elementor-widget elementor-widget-button\" data-id=\"24fdc70\" data-element_type=\"widget\" data-widget_type=\"button.default\">\n\t\t\t\t<div class=\"elementor-widget-container\">\n\t\t\t\t\t<div class=\"elementor-button-wrapper\">\n\t\t\t<a class=\"elementor-button elementor-button-link elementor-size-sm\" href=\"https:\/\/turismo.euskadi.eus\/es\/oficinas-de-turismo\/\" target=\"_blank\" rel=\"nofollow noopener\">\n\t\t\t\t\t\t<span class=\"elementor-button-content-wrapper\">\n\t\t\t\t\t\t<span class=\"elementor-button-text\">Ich m\u00f6chte mehr wissen!<\/span>\n\t\t<\/span>\n\t\t\t\t\t<\/a>\n\t\t<\/div>\n\t\t\t\t<\/div>\n\t\t\t\t<\/div>\n\t\t\t\t\t<\/div>\n\t\t\t\t<\/div>\n\t\t\t\t<\/div>\n\t\t","protected":false},"excerpt":{"rendered":"<p>Wenn Sie im Baskenland ankommen, laden wir Sie ein, unser Netz von Fremdenverkehrsb\u00fcros zu besuchen. Dort k\u00f6nnen Sie detaillierte und ma\u00dfgeschneiderte Informationen bekommen, die Ihre Erfahrungen bereichern.<\/p>\n<p>Entdecken Sie die besten Pl\u00e4ne, Aktivit\u00e4ten, Feste und gastronomischen Perlen, die nur Einheimische kennen.<\/p>\n","protected":false},"author":13,"featured_media":19348,"parent":18286,"menu_order":0,"comment_status":"closed","ping_status":"closed","template":"","meta":{"_acf_changed":false,"footnotes":""},"categories":[502],"folder":[126],"acf":[],"_links":{"self":[{"href":"https:\/\/www.euskadibasquecountrygrandtour.eus\/de\/wp-json\/wp\/v2\/pages\/19346"}],"collection":[{"href":"https:\/\/www.euskadibasquecountrygrandtour.eus\/de\/wp-json\/wp\/v2\/pages"}],"about":[{"href":"https:\/\/www.euskadibasquecountrygrandtour.eus\/de\/wp-json\/wp\/v2\/types\/page"}],"author":[{"embeddable":true,"href":"https:\/\/www.euskadibasquecountrygrandtour.eus\/de\/wp-json\/wp\/v2\/users\/13"}],"replies":[{"embeddable":true,"href":"https:\/\/www.euskadibasquecountrygrandtour.eus\/de\/wp-json\/wp\/v2\/comments?post=19346"}],"version-history":[{"count":0,"href":"https:\/\/www.euskadibasquecountrygrandtour.eus\/de\/wp-json\/wp\/v2\/pages\/19346\/revisions"}],"up":[{"embeddable":true,"href":"https:\/\/www.euskadibasquecountrygrandtour.eus\/de\/wp-json\/wp\/v2\/pages\/18286"}],"wp:featuredmedia":[{"embeddable":true,"href":"https:\/\/www.euskadibasquecountrygrandtour.eus\/de\/wp-json\/wp\/v2\/media\/19348"}],"wp:attachment":[{"href":"https:\/\/www.euskadibasquecountrygrandtour.eus\/de\/wp-json\/wp\/v2\/media?parent=19346"}],"wp:term":[{"taxonomy":"category","embeddable":true,"href":"https:\/\/www.euskadibasquecountrygrandtour.eus\/de\/wp-json\/wp\/v2\/categories?post=19346"},{"taxonomy":"folder","embeddable":true,"href":"https:\/\/www.euskadibasquecountrygrandtour.eus\/de\/wp-json\/wp\/v2\/folder?post=19346"}],"curies":[{"name":"wp","href":"https:\/\/api.w.org\/{rel}","templated":true}]}}