{"id":19329,"date":"2023-12-14T17:03:15","date_gmt":"2023-12-14T16:03:15","guid":{"rendered":"https:\/\/www.euskadibasquecountrygrandtour.eus\/bereiten-sie-ihre-reise-vor\/transportmittel"},"modified":"2024-03-11T11:38:41","modified_gmt":"2024-03-11T10:38:41","slug":"transportmittel","status":"publish","type":"page","link":"https:\/\/www.euskadibasquecountrygrandtour.eus\/de\/bereiten-sie-ihre-reise-vor\/transportmittel","title":{"rendered":"Transportmittel"},"content":{"rendered":"\t\t<div data-elementor-type=\"wp-page\" data-elementor-id=\"19329\" class=\"elementor elementor-19329 elementor-4512\" data-elementor-post-type=\"page\">\n\t\t\t\t<div class=\"elementor-element elementor-element-1d73fcd e-flex e-con-boxed e-con e-parent\" data-id=\"1d73fcd\" data-element_type=\"container\" data-core-v316-plus=\"true\">\n\t\t\t\t\t<div class=\"e-con-inner\">\n\t\t\t\t<div class=\"elementor-element elementor-element-95f3cbc elementor-widget elementor-widget-text-editor\" data-id=\"95f3cbc\" data-element_type=\"widget\" data-widget_type=\"text-editor.default\">\n\t\t\t\t<div class=\"elementor-widget-container\">\n\t\t\t<style>\/*! elementor - v3.20.0 - 26-03-2024 *\/\n.elementor-widget-text-editor.elementor-drop-cap-view-stacked .elementor-drop-cap{background-color:#69727d;color:#fff}.elementor-widget-text-editor.elementor-drop-cap-view-framed .elementor-drop-cap{color:#69727d;border:3px solid;background-color:transparent}.elementor-widget-text-editor:not(.elementor-drop-cap-view-default) .elementor-drop-cap{margin-top:8px}.elementor-widget-text-editor:not(.elementor-drop-cap-view-default) .elementor-drop-cap-letter{width:1em;height:1em}.elementor-widget-text-editor .elementor-drop-cap{float:left;text-align:center;line-height:1;font-size:50px}.elementor-widget-text-editor .elementor-drop-cap-letter{display:inline-block}<\/style>\t\t\t\t<p>Im Baskenland wird gro\u00dfer Wert auf nachhaltige Mobilit\u00e4t gelegt, weshalb es ein breites Netz effizienter und umweltfreundlicher \u00f6ffentlicher Verkehrsmittel gibt, um die verschiedenen Etappen der Grand Tour zu erkunden. \u00dcber den Dienst <a href=\"https:\/\/www.moveuskadi.euskadi.eus\/inicio\/\" rel=\"nofollow noopener\" target=\"_blank\">Euskadi Move<\/a> k\u00f6nnen Sie alle notwendigen Informationen \u00fcber Z\u00fcge, Busse, Stra\u00dfenbahnen und U-Bahnen abrufen, um Ihre Route zu verfolgen.<\/p>\n<p>Au\u00dferdem verf\u00fcgen wir \u00fcber ein hochwertiges Stra\u00dfennetz, das ideal f\u00fcr diejenigen ist, die lieber in ihrem eigenen Tempo reisen, und wir sind mit einem st\u00e4ndig wachsenden Netz von Ladestationen f\u00fcr Elektroautos auf die Zukunft vorbereitet.<\/p>\n<p>Wir ermutigen Sie, die nachhaltigste Option zu w\u00e4hlen, um die Grand Tour zu entdecken. Schlie\u00dflich ist es Teil unserer Philosophie, zu reisen und dabei jede Minute zu genie\u00dfen.<\/p>\n\t\t\t\t\t\t<\/div>\n\t\t\t\t<\/div>\n\t\t\t\t<div class=\"elementor-element elementor-element-daa55ee elementor-widget elementor-widget-button\" data-id=\"daa55ee\" data-element_type=\"widget\" data-widget_type=\"button.default\">\n\t\t\t\t<div class=\"elementor-widget-container\">\n\t\t\t\t\t<div class=\"elementor-button-wrapper\">\n\t\t\t<a class=\"elementor-button elementor-button-link elementor-size-sm\" href=\"https:\/\/www.moveuskadi.euskadi.eus\" target=\"_blank\" rel=\"nofollow noopener\">\n\t\t\t\t\t\t<span class=\"elementor-button-content-wrapper\">\n\t\t\t\t\t\t<span class=\"elementor-button-text\">Ich m\u00f6chte mehr wissen!<\/span>\n\t\t<\/span>\n\t\t\t\t\t<\/a>\n\t\t<\/div>\n\t\t\t\t<\/div>\n\t\t\t\t<\/div>\n\t\t\t\t\t<\/div>\n\t\t\t\t<\/div>\n\t\t\t\t<\/div>\n\t\t","protected":false},"excerpt":{"rendered":"<p>Im Baskenland wird gro\u00dfer Wert auf nachhaltige Mobilit\u00e4t gelegt, weshalb es ein breites Netz effizienter und umweltfreundlicher \u00f6ffentlicher Verkehrsmittel gibt, um die verschiedenen Etappen der Grand Tour zu erkunden. <\/p>\n<p>Au\u00dferdem verf\u00fcgen wir \u00fcber ein hochwertiges Stra\u00dfennetz, das ideal f\u00fcr diejenigen ist, die lieber in ihrem eigenen Tempo reisen, und wir sind mit einem st\u00e4ndig wachsenden Netz von Ladestationen f\u00fcr Elektroautos auf die Zukunft vorbereitet. <\/p>\n","protected":false},"author":13,"featured_media":19330,"parent":18286,"menu_order":0,"comment_status":"closed","ping_status":"closed","template":"","meta":{"_acf_changed":false,"footnotes":""},"categories":[502],"folder":[126],"acf":[],"_links":{"self":[{"href":"https:\/\/www.euskadibasquecountrygrandtour.eus\/de\/wp-json\/wp\/v2\/pages\/19329"}],"collection":[{"href":"https:\/\/www.euskadibasquecountrygrandtour.eus\/de\/wp-json\/wp\/v2\/pages"}],"about":[{"href":"https:\/\/www.euskadibasquecountrygrandtour.eus\/de\/wp-json\/wp\/v2\/types\/page"}],"author":[{"embeddable":true,"href":"https:\/\/www.euskadibasquecountrygrandtour.eus\/de\/wp-json\/wp\/v2\/users\/13"}],"replies":[{"embeddable":true,"href":"https:\/\/www.euskadibasquecountrygrandtour.eus\/de\/wp-json\/wp\/v2\/comments?post=19329"}],"version-history":[{"count":0,"href":"https:\/\/www.euskadibasquecountrygrandtour.eus\/de\/wp-json\/wp\/v2\/pages\/19329\/revisions"}],"up":[{"embeddable":true,"href":"https:\/\/www.euskadibasquecountrygrandtour.eus\/de\/wp-json\/wp\/v2\/pages\/18286"}],"wp:featuredmedia":[{"embeddable":true,"href":"https:\/\/www.euskadibasquecountrygrandtour.eus\/de\/wp-json\/wp\/v2\/media\/19330"}],"wp:attachment":[{"href":"https:\/\/www.euskadibasquecountrygrandtour.eus\/de\/wp-json\/wp\/v2\/media?parent=19329"}],"wp:term":[{"taxonomy":"category","embeddable":true,"href":"https:\/\/www.euskadibasquecountrygrandtour.eus\/de\/wp-json\/wp\/v2\/categories?post=19329"},{"taxonomy":"folder","embeddable":true,"href":"https:\/\/www.euskadibasquecountrygrandtour.eus\/de\/wp-json\/wp\/v2\/folder?post=19329"}],"curies":[{"name":"wp","href":"https:\/\/api.w.org\/{rel}","templated":true}]}}